{"id":1662,"date":"2021-06-19T15:41:41","date_gmt":"2021-06-19T14:41:41","guid":{"rendered":"https:\/\/apesn.ch\/wordpress\/?page_id=1662"},"modified":"2026-02-13T19:59:51","modified_gmt":"2026-02-13T18:59:51","slug":"acceuil","status":"publish","type":"page","link":"https:\/\/apesn.ch\/wordpress\/","title":{"rendered":"Accueil"},"content":{"rendered":"<p>L\u2019Association des parents d&rsquo;\u00e9l\u00e8ves des \u00e9coles du Seujet et de Necker (APESN) a pour mission d\u2019informer\u00a0et de renseigner les parents. Elle se tient \u00e0 leur disposition pour r\u00e9pondre \u00e0 leurs soucis, questionnements et int\u00e9r\u00eats li\u00e9s \u00e0 l\u2019\u00e9cole et \u00e0 la vie para- et\u00a0p\u00e9riscolaire des enfants.<\/p>\n<p>Sa vocation est aussi de tisser un lien entre les diff\u00e9rents acteurs de\u00a0l\u2019\u00e9cole et du quartier, ouvrir des portes et\u00a0construire autour et avec l\u2019\u00e9cole des projets\u00a0pour les parents et pour les enfants.<\/p>\n<p>Elle souhaite :<\/p>\n<p>&#8211; favoriser la cr\u00e9ation de liens entre \u00e9l\u00e8ves, parents, enseignants et voisins, et offrir ainsi \u00e0 nos enfants un environnement convivial et s\u00e9curis\u00e9.<\/p>\n<p>&#8211; soutenir ou contribuer \u00e0 des actions, projets et \u00e9v\u00e9nements qui compl\u00e8tent l\u2019\u00e9ducation scolaire.<\/p>\n<p>&#8211; faire valoir les besoins des familles\u00a0de notre quartier en termes de culture, lieux de rencontres, activit\u00e9s et infrastructures sportives et ludiques.<\/p>\n<div>\n<p class=\"\">N&rsquo;h\u00e9sitez pas \u00e0 nous contacter! Notre adresse : <a class=\"mailto-link\" data-enc-email=\"vasb[at]ncrfa.pu\" data-wpel-link=\"ignore\"><span id=\"eeb-901283-387559\">info@apesn.ch<\/span> <\/a><\/p>\n<\/div>\n\n\n<ul class=\"wp-block-social-links is-layout-flex wp-block-social-links-is-layout-flex\"><li class=\"wp-social-link wp-social-link-facebook  wp-block-social-link\"><a href=\"https:\/\/www.facebook.com\/people\/Ape-SN\/100072205686945\/\" class=\"wp-block-social-link-anchor\"><svg width=\"24\" height=\"24\" viewBox=\"0 0 24 24\" version=\"1.1\" xmlns=\"http:\/\/www.w3.org\/2000\/svg\" aria-hidden=\"true\" focusable=\"false\"><path d=\"M12 2C6.5 2 2 6.5 2 12c0 5 3.7 9.1 8.4 9.9v-7H7.9V12h2.5V9.8c0-2.5 1.5-3.9 3.8-3.9 1.1 0 2.2.2 2.2.2v2.5h-1.3c-1.2 0-1.6.8-1.6 1.6V12h2.8l-.4 2.9h-2.3v7C18.3 21.1 22 17 22 12c0-5.5-4.5-10-10-10z\"><\/path><\/svg><span class=\"wp-block-social-link-label screen-reader-text\">Facebook<\/span><\/a><\/li>\n\n<li class=\"wp-social-link wp-social-link-instagram  wp-block-social-link\"><a href=\"https:\/\/www.instagram.com\/ApeSeujetNecker\/\" class=\"wp-block-social-link-anchor\"><svg width=\"24\" height=\"24\" viewBox=\"0 0 24 24\" version=\"1.1\" xmlns=\"http:\/\/www.w3.org\/2000\/svg\" aria-hidden=\"true\" focusable=\"false\"><path d=\"M12,4.622c2.403,0,2.688,0.009,3.637,0.052c0.877,0.04,1.354,0.187,1.671,0.31c0.42,0.163,0.72,0.358,1.035,0.673 c0.315,0.315,0.51,0.615,0.673,1.035c0.123,0.317,0.27,0.794,0.31,1.671c0.043,0.949,0.052,1.234,0.052,3.637 s-0.009,2.688-0.052,3.637c-0.04,0.877-0.187,1.354-0.31,1.671c-0.163,0.42-0.358,0.72-0.673,1.035 c-0.315,0.315-0.615,0.51-1.035,0.673c-0.317,0.123-0.794,0.27-1.671,0.31c-0.949,0.043-1.233,0.052-3.637,0.052 s-2.688-0.009-3.637-0.052c-0.877-0.04-1.354-0.187-1.671-0.31c-0.42-0.163-0.72-0.358-1.035-0.673 c-0.315-0.315-0.51-0.615-0.673-1.035c-0.123-0.317-0.27-0.794-0.31-1.671C4.631,14.688,4.622,14.403,4.622,12 s0.009-2.688,0.052-3.637c0.04-0.877,0.187-1.354,0.31-1.671c0.163-0.42,0.358-0.72,0.673-1.035 c0.315-0.315,0.615-0.51,1.035-0.673c0.317-0.123,0.794-0.27,1.671-0.31C9.312,4.631,9.597,4.622,12,4.622 M12,3 C9.556,3,9.249,3.01,8.289,3.054C7.331,3.098,6.677,3.25,6.105,3.472C5.513,3.702,5.011,4.01,4.511,4.511 c-0.5,0.5-0.808,1.002-1.038,1.594C3.25,6.677,3.098,7.331,3.054,8.289C3.01,9.249,3,9.556,3,12c0,2.444,0.01,2.751,0.054,3.711 c0.044,0.958,0.196,1.612,0.418,2.185c0.23,0.592,0.538,1.094,1.038,1.594c0.5,0.5,1.002,0.808,1.594,1.038 c0.572,0.222,1.227,0.375,2.185,0.418C9.249,20.99,9.556,21,12,21s2.751-0.01,3.711-0.054c0.958-0.044,1.612-0.196,2.185-0.418 c0.592-0.23,1.094-0.538,1.594-1.038c0.5-0.5,0.808-1.002,1.038-1.594c0.222-0.572,0.375-1.227,0.418-2.185 C20.99,14.751,21,14.444,21,12s-0.01-2.751-0.054-3.711c-0.044-0.958-0.196-1.612-0.418-2.185c-0.23-0.592-0.538-1.094-1.038-1.594 c-0.5-0.5-1.002-0.808-1.594-1.038c-0.572-0.222-1.227-0.375-2.185-0.418C14.751,3.01,14.444,3,12,3L12,3z M12,7.378 c-2.552,0-4.622,2.069-4.622,4.622S9.448,16.622,12,16.622s4.622-2.069,4.622-4.622S14.552,7.378,12,7.378z M12,15 c-1.657,0-3-1.343-3-3s1.343-3,3-3s3,1.343,3,3S13.657,15,12,15z M16.804,6.116c-0.596,0-1.08,0.484-1.08,1.08 s0.484,1.08,1.08,1.08c0.596,0,1.08-0.484,1.08-1.08S17.401,6.116,16.804,6.116z\"><\/path><\/svg><span class=\"wp-block-social-link-label screen-reader-text\">Instagram<\/span><\/a><\/li><\/ul>\n","protected":false},"excerpt":{"rendered":"<p>L\u2019Association des parents d&rsquo;\u00e9l\u00e8ves des \u00e9coles du Seujet et de Necker (APESN) a pour mission d\u2019informer\u00a0et de renseigner les parents. Elle se tient \u00e0 leur disposition pour r\u00e9pondre \u00e0 leurs soucis, questionnements et int\u00e9r\u00eats li\u00e9s \u00e0 l\u2019\u00e9cole et \u00e0 la vie para- et\u00a0p\u00e9riscolaire des enfants. Sa vocation est aussi de tisser un lien entre les [&hellip;]<\/p>\n","protected":false},"author":24,"featured_media":0,"parent":0,"menu_order":0,"comment_status":"closed","ping_status":"closed","template":"","meta":{"footnotes":""},"class_list":["post-1662","page","type-page","status-publish","hentry"],"_links":{"self":[{"href":"https:\/\/apesn.ch\/wordpress\/wp-json\/wp\/v2\/pages\/1662","targetHints":{"allow":["GET"]}}],"collection":[{"href":"https:\/\/apesn.ch\/wordpress\/wp-json\/wp\/v2\/pages"}],"about":[{"href":"https:\/\/apesn.ch\/wordpress\/wp-json\/wp\/v2\/types\/page"}],"author":[{"embeddable":true,"href":"https:\/\/apesn.ch\/wordpress\/wp-json\/wp\/v2\/users\/24"}],"replies":[{"embeddable":true,"href":"https:\/\/apesn.ch\/wordpress\/wp-json\/wp\/v2\/comments?post=1662"}],"version-history":[{"count":67,"href":"https:\/\/apesn.ch\/wordpress\/wp-json\/wp\/v2\/pages\/1662\/revisions"}],"predecessor-version":[{"id":2451,"href":"https:\/\/apesn.ch\/wordpress\/wp-json\/wp\/v2\/pages\/1662\/revisions\/2451"}],"wp:attachment":[{"href":"https:\/\/apesn.ch\/wordpress\/wp-json\/wp\/v2\/media?parent=1662"}],"curies":[{"name":"wp","href":"https:\/\/api.w.org\/{rel}","templated":true}]}}