{"id":1667,"date":"2021-06-19T22:27:58","date_gmt":"2021-06-19T21:27:58","guid":{"rendered":"https:\/\/apesn.ch\/wordpress\/?page_id=1667"},"modified":"2025-10-08T08:42:17","modified_gmt":"2025-10-08T07:42:17","slug":"informations","status":"publish","type":"page","link":"https:\/\/apesn.ch\/wordpress\/informations\/","title":{"rendered":"Comit\u00e9"},"content":{"rendered":"\n<div class=\"wp-block-group\"><div class=\"wp-block-group__inner-container is-layout-flow wp-block-group-is-layout-flow\">\n<p class=\"has-medium-font-size\"><strong>Comit\u00e9 2025-202<\/strong>6<\/p>\n\n\n\n<p>Nathalie Roig &#8211; co-pr\u00e9sidente<\/p>\n\n\n\n<p>Andrea El Khouly &#8211; co-pr\u00e9sidente<\/p>\n\n\n\n<p>Amelia Gillot \u2013 secr\u00e9taire<\/p>\n\n\n\n<p>Aspen Hammond &#8211; co-tr\u00e9sori\u00e8re<\/p>\n\n\n\n<p>M\u00e9lanie Deschenaux &#8211; co-t\u00e9sori\u00e8re<\/p>\n\n\n\n<p>Tal Harris<\/p>\n<\/div><\/div>\n\n\n\n<div class=\"wp-block-group\"><div class=\"wp-block-group__inner-container is-layout-flow wp-block-group-is-layout-flow\">\n<p><\/p>\n\n\n\n<div class=\"wp-block-group\"><div class=\"wp-block-group__inner-container is-layout-flow wp-block-group-is-layout-flow\">\n<p><\/p>\n\n\n\n<p><strong>Les statuts de l&rsquo;association<\/strong> (<a href=\"https:\/\/apesn.ch\/wordpress\/wp-content\/uploads\/Statuts-APESN-du-7-decembre-2021.pdf\" target=\"_blank\" rel=\"noreferrer noopener\">PDF \u00e0 t\u00e9l\u00e9charger<\/a>)<\/p>\n\n\n\n<p><\/p>\n<\/div><\/div>\n\n\n\n<p><\/p>\n<\/div><\/div>\n\n\n\n<p><\/p>\n","protected":false},"excerpt":{"rendered":"<p>Comit\u00e9 2025-2026 Nathalie Roig &#8211; co-pr\u00e9sidente Andrea El Khouly &#8211; co-pr\u00e9sidente Amelia Gillot \u2013 secr\u00e9taire Aspen Hammond &#8211; co-tr\u00e9sori\u00e8re M\u00e9lanie Deschenaux &#8211; co-t\u00e9sori\u00e8re Tal Harris Les statuts de l&rsquo;association (PDF \u00e0 t\u00e9l\u00e9charger)<\/p>\n","protected":false},"author":24,"featured_media":0,"parent":0,"menu_order":0,"comment_status":"closed","ping_status":"closed","template":"","meta":{"footnotes":""},"class_list":["post-1667","page","type-page","status-publish","hentry"],"_links":{"self":[{"href":"https:\/\/apesn.ch\/wordpress\/wp-json\/wp\/v2\/pages\/1667","targetHints":{"allow":["GET"]}}],"collection":[{"href":"https:\/\/apesn.ch\/wordpress\/wp-json\/wp\/v2\/pages"}],"about":[{"href":"https:\/\/apesn.ch\/wordpress\/wp-json\/wp\/v2\/types\/page"}],"author":[{"embeddable":true,"href":"https:\/\/apesn.ch\/wordpress\/wp-json\/wp\/v2\/users\/24"}],"replies":[{"embeddable":true,"href":"https:\/\/apesn.ch\/wordpress\/wp-json\/wp\/v2\/comments?post=1667"}],"version-history":[{"count":56,"href":"https:\/\/apesn.ch\/wordpress\/wp-json\/wp\/v2\/pages\/1667\/revisions"}],"predecessor-version":[{"id":2421,"href":"https:\/\/apesn.ch\/wordpress\/wp-json\/wp\/v2\/pages\/1667\/revisions\/2421"}],"wp:attachment":[{"href":"https:\/\/apesn.ch\/wordpress\/wp-json\/wp\/v2\/media?parent=1667"}],"curies":[{"name":"wp","href":"https:\/\/api.w.org\/{rel}","templated":true}]}}